{"id":164,"date":"2020-03-16T09:11:32","date_gmt":"2020-03-16T09:11:32","guid":{"rendered":"https:\/\/demo.creativethemes.com\/blocksy\/modern-shop\/?post_type=product&#038;p=164"},"modified":"2024-01-05T12:12:25","modified_gmt":"2024-01-05T12:12:25","slug":"devenir-chretien-et-rester-africain","status":"publish","type":"product","link":"https:\/\/www.relorwanda.org\/fr\/produit\/devenir-chretien-et-rester-africain\/","title":{"rendered":"DEVENIR CHR\u00c9TIEN ET RESTER AFRICAIN"},"content":{"rendered":"<p>Le livre en question concerne une recherche sur deux aspects parmi les nombreux efforts qui ont model\u00e9 la pens\u00e9e et les discours th\u00e9ologiques de l\u2019Afrique contemporaine. Ce livre est le r\u00e9sultat des conf\u00e9rences tenues \u00e0 Dar-es-Salam en 1976 et \u00e0 Acrra en 1977 avec le th\u00e8me:&#8221; A la recherche d\u2019une th\u00e9ologie pour l\u2019Afrique. Deux jalons essentiels<\/p>","protected":false},"excerpt":{"rendered":"<p>Le livre en question concerne une recherche sur deux aspects parmi les nombreux efforts qui ont model\u00e9 la pens\u00e9e et les discours th\u00e9ologiques de l\u2019Afrique contemporaine. Ce livre est le r\u00e9sultat des conf\u00e9rences tenues \u00e0 Dar-es-Salam en 1976 et \u00e0 Acrra en 1977 avec le th\u00e8me:&#8221; A la recherche d\u2019une th\u00e9ologie pour l\u2019Afrique. Deux jalons essentiels<\/p>","protected":false},"featured_media":1605,"comment_status":"open","ping_status":"closed","template":"","meta":[],"product_brand":[],"product_cat":[108],"product_tag":[110,111],"class_list":{"0":"post-164","1":"product","2":"type-product","3":"status-publish","4":"has-post-thumbnail","6":"product_cat-christians-books","7":"product_tag-books","8":"product_tag-christian","10":"first","11":"instock","12":"shipping-taxable","13":"purchasable","14":"product-type-simple"},"_links":{"self":[{"href":"https:\/\/www.relorwanda.org\/fr\/wp-json\/wp\/v2\/product\/164","targetHints":{"allow":["GET"]}}],"collection":[{"href":"https:\/\/www.relorwanda.org\/fr\/wp-json\/wp\/v2\/product"}],"about":[{"href":"https:\/\/www.relorwanda.org\/fr\/wp-json\/wp\/v2\/types\/product"}],"replies":[{"embeddable":true,"href":"https:\/\/www.relorwanda.org\/fr\/wp-json\/wp\/v2\/comments?post=164"}],"wp:featuredmedia":[{"embeddable":true,"href":"https:\/\/www.relorwanda.org\/fr\/wp-json\/wp\/v2\/media\/1605"}],"wp:attachment":[{"href":"https:\/\/www.relorwanda.org\/fr\/wp-json\/wp\/v2\/media?parent=164"}],"wp:term":[{"taxonomy":"product_brand","embeddable":true,"href":"https:\/\/www.relorwanda.org\/fr\/wp-json\/wp\/v2\/product_brand?post=164"},{"taxonomy":"product_cat","embeddable":true,"href":"https:\/\/www.relorwanda.org\/fr\/wp-json\/wp\/v2\/product_cat?post=164"},{"taxonomy":"product_tag","embeddable":true,"href":"https:\/\/www.relorwanda.org\/fr\/wp-json\/wp\/v2\/product_tag?post=164"}],"curies":[{"name":"wp","href":"https:\/\/api.w.org\/{rel}","templated":true}]}}